{"id":26,"date":"2017-11-17T21:31:42","date_gmt":"2017-11-17T21:31:42","guid":{"rendered":"http:\/\/bag-persoenliche-assistenz.org\/?page_id=26"},"modified":"2019-09-26T10:08:03","modified_gmt":"2019-09-26T10:08:03","slug":"anmeldung-zum-intranet","status":"publish","type":"page","link":"https:\/\/bag-persoenliche-assistenz.org\/?page_id=26","title":{"rendered":"Anmeldung zum Intranet"},"content":{"rendered":"<p style=\"text-align: center;\">Aus datenschutzrechtlichen Gr\u00fcnden sind die meisten Inhalte dieser Website nur den direkten Mitgliedern kennwortgesch\u00fctzt zug\u00e4nglich. Neue Mitglieder k\u00f6nnen beim Seitenadministrator Benutzernamen und Kennwort anfordern.<\/p>\n<p><img loading=\"lazy\" class=\"size-medium wp-image-27 aligncenter\" src=\"http:\/\/bag-persoenliche-assistenz.org\/wp-content\/uploads\/2017\/11\/Datenschutz-300x162.jpg\" alt=\"\" width=\"300\" height=\"162\" srcset=\"https:\/\/bag-persoenliche-assistenz.org\/wp-content\/uploads\/2017\/11\/Datenschutz-300x162.jpg 300w, https:\/\/bag-persoenliche-assistenz.org\/wp-content\/uploads\/2017\/11\/Datenschutz.jpg 542w\" sizes=\"(max-width: 300px) 100vw, 300px\" \/><\/p>\n","protected":false},"excerpt":{"rendered":"<p>Aus datenschutzrechtlichen Gr\u00fcnden sind die meisten Inhalte dieser Website nur den direkten Mitgliedern kennwortgesch\u00fctzt zug\u00e4nglich. Neue Mitglieder k\u00f6nnen beim Seitenadministrator Benutzernamen und Kennwort anfordern.<\/p>\n","protected":false},"author":1,"featured_media":0,"parent":0,"menu_order":0,"comment_status":"closed","ping_status":"closed","template":"","meta":[],"_links":{"self":[{"href":"https:\/\/bag-persoenliche-assistenz.org\/index.php?rest_route=\/wp\/v2\/pages\/26"}],"collection":[{"href":"https:\/\/bag-persoenliche-assistenz.org\/index.php?rest_route=\/wp\/v2\/pages"}],"about":[{"href":"https:\/\/bag-persoenliche-assistenz.org\/index.php?rest_route=\/wp\/v2\/types\/page"}],"author":[{"embeddable":true,"href":"https:\/\/bag-persoenliche-assistenz.org\/index.php?rest_route=\/wp\/v2\/users\/1"}],"replies":[{"embeddable":true,"href":"https:\/\/bag-persoenliche-assistenz.org\/index.php?rest_route=%2Fwp%2Fv2%2Fcomments&post=26"}],"version-history":[{"count":4,"href":"https:\/\/bag-persoenliche-assistenz.org\/index.php?rest_route=\/wp\/v2\/pages\/26\/revisions"}],"predecessor-version":[{"id":695,"href":"https:\/\/bag-persoenliche-assistenz.org\/index.php?rest_route=\/wp\/v2\/pages\/26\/revisions\/695"}],"wp:attachment":[{"href":"https:\/\/bag-persoenliche-assistenz.org\/index.php?rest_route=%2Fwp%2Fv2%2Fmedia&parent=26"}],"curies":[{"name":"wp","href":"https:\/\/api.w.org\/{rel}","templated":true}]}}